{"id":39,"date":"2024-09-11T07:41:31","date_gmt":"2024-09-11T07:41:31","guid":{"rendered":"https:\/\/toltepe.com\/?page_id=39"},"modified":"2024-09-11T14:11:48","modified_gmt":"2024-09-11T14:11:48","slug":"hakkimizda","status":"publish","type":"page","link":"https:\/\/toltepe.com\/?page_id=39","title":{"rendered":"Hakk\u0131m\u0131zda"},"content":{"rendered":"<p><img loading=\"lazy\" decoding=\"async\" class=\"alignnone size-medium wp-image-74\" src=\"https:\/\/toltepe.com\/wp-content\/uploads\/2024\/09\/IMG-20180803-WA0016-300x169.jpg\" alt=\"\" width=\"300\" height=\"169\" srcset=\"https:\/\/toltepe.com\/wp-content\/uploads\/2024\/09\/IMG-20180803-WA0016-300x169.jpg 300w, https:\/\/toltepe.com\/wp-content\/uploads\/2024\/09\/IMG-20180803-WA0016-1024x576.jpg 1024w, https:\/\/toltepe.com\/wp-content\/uploads\/2024\/09\/IMG-20180803-WA0016-768x432.jpg 768w, https:\/\/toltepe.com\/wp-content\/uploads\/2024\/09\/IMG-20180803-WA0016-1536x864.jpg 1536w, https:\/\/toltepe.com\/wp-content\/uploads\/2024\/09\/IMG-20180803-WA0016.jpg 1599w\" sizes=\"auto, (max-width: 300px) 100vw, 300px\" \/><img loading=\"lazy\" decoding=\"async\" class=\"alignnone size-medium wp-image-73\" src=\"https:\/\/toltepe.com\/wp-content\/uploads\/2024\/09\/IMG-20180803-WA0010-300x169.jpg\" alt=\"\" width=\"300\" height=\"169\" srcset=\"https:\/\/toltepe.com\/wp-content\/uploads\/2024\/09\/IMG-20180803-WA0010-300x169.jpg 300w, https:\/\/toltepe.com\/wp-content\/uploads\/2024\/09\/IMG-20180803-WA0010-1024x576.jpg 1024w, https:\/\/toltepe.com\/wp-content\/uploads\/2024\/09\/IMG-20180803-WA0010-768x432.jpg 768w, https:\/\/toltepe.com\/wp-content\/uploads\/2024\/09\/IMG-20180803-WA0010-1536x864.jpg 1536w, https:\/\/toltepe.com\/wp-content\/uploads\/2024\/09\/IMG-20180803-WA0010.jpg 1599w\" sizes=\"auto, (max-width: 300px) 100vw, 300px\" \/>\u00a0 \u00a0 \u00a0 \u00a0 \u00a0<img loading=\"lazy\" decoding=\"async\" class=\"alignnone wp-image-106\" src=\"https:\/\/toltepe.com\/wp-content\/uploads\/2024\/09\/biretsel-egitim-300x225.jpg\" alt=\"\" width=\"396\" height=\"297\" srcset=\"https:\/\/toltepe.com\/wp-content\/uploads\/2024\/09\/biretsel-egitim-300x225.jpg 300w, https:\/\/toltepe.com\/wp-content\/uploads\/2024\/09\/biretsel-egitim-768x576.jpg 768w, https:\/\/toltepe.com\/wp-content\/uploads\/2024\/09\/biretsel-egitim.jpg 1024w\" sizes=\"auto, (max-width: 396px) 100vw, 396px\" \/><img loading=\"lazy\" decoding=\"async\" class=\"alignnone size-medium wp-image-105\" src=\"https:\/\/toltepe.com\/wp-content\/uploads\/2024\/09\/FB_IMG_1632857900503-169x300.jpg\" alt=\"\" width=\"169\" height=\"300\" srcset=\"https:\/\/toltepe.com\/wp-content\/uploads\/2024\/09\/FB_IMG_1632857900503-169x300.jpg 169w, https:\/\/toltepe.com\/wp-content\/uploads\/2024\/09\/FB_IMG_1632857900503-576x1024.jpg 576w, https:\/\/toltepe.com\/wp-content\/uploads\/2024\/09\/FB_IMG_1632857900503-768x1365.jpg 768w, https:\/\/toltepe.com\/wp-content\/uploads\/2024\/09\/FB_IMG_1632857900503-864x1536.jpg 864w, https:\/\/toltepe.com\/wp-content\/uploads\/2024\/09\/FB_IMG_1632857900503.jpg 984w\" sizes=\"auto, (max-width: 169px) 100vw, 169px\" \/><\/p>\n<p>&nbsp;<\/p>\n<p>\u00d6zel Yeni hayat \u00d6zel E\u011fitm ve Rehabilitasyon Merkezi<\/p>\n","protected":false},"excerpt":{"rendered":"<p>\u00a0 \u00a0 \u00a0 \u00a0 \u00a0 &nbsp; \u00d6zel Yeni hayat \u00d6zel E\u011fitm ve Rehabilitasyon Merkezi<\/p>\n","protected":false},"author":1,"featured_media":0,"parent":0,"menu_order":0,"comment_status":"closed","ping_status":"closed","template":"","meta":{"footnotes":""},"class_list":["post-39","page","type-page","status-publish","hentry"],"_links":{"self":[{"href":"https:\/\/toltepe.com\/index.php?rest_route=\/wp\/v2\/pages\/39","targetHints":{"allow":["GET"]}}],"collection":[{"href":"https:\/\/toltepe.com\/index.php?rest_route=\/wp\/v2\/pages"}],"about":[{"href":"https:\/\/toltepe.com\/index.php?rest_route=\/wp\/v2\/types\/page"}],"author":[{"embeddable":true,"href":"https:\/\/toltepe.com\/index.php?rest_route=\/wp\/v2\/users\/1"}],"replies":[{"embeddable":true,"href":"https:\/\/toltepe.com\/index.php?rest_route=%2Fwp%2Fv2%2Fcomments&post=39"}],"version-history":[{"count":6,"href":"https:\/\/toltepe.com\/index.php?rest_route=\/wp\/v2\/pages\/39\/revisions"}],"predecessor-version":[{"id":111,"href":"https:\/\/toltepe.com\/index.php?rest_route=\/wp\/v2\/pages\/39\/revisions\/111"}],"wp:attachment":[{"href":"https:\/\/toltepe.com\/index.php?rest_route=%2Fwp%2Fv2%2Fmedia&parent=39"}],"curies":[{"name":"wp","href":"https:\/\/api.w.org\/{rel}","templated":true}]}}