{"id":2,"date":"2016-05-10T03:48:21","date_gmt":"2016-05-10T03:48:21","guid":{"rendered":"https:\/\/toltepe.com\/?page_id=2"},"modified":"2024-09-11T10:56:48","modified_gmt":"2024-09-11T10:56:48","slug":"sample-page","status":"publish","type":"page","link":"https:\/\/toltepe.com\/?page_id=2","title":{"rendered":"\u00d6ZEL YEN\u0130 HAYAT \u00d6ZEL E\u011e\u0130T\u0130M VE REHAB\u0130L\u0130TASYON MERKEZ\u0130 &#8216;NE  HO\u015e GELD\u0130N\u0130Z"},"content":{"rendered":"<p><img loading=\"lazy\" decoding=\"async\" class=\"alignnone size-medium wp-image-79\" src=\"https:\/\/toltepe.com\/wp-content\/uploads\/2024\/09\/IMG-20210820-WA0016-300x225.jpg\" alt=\"\" width=\"300\" height=\"225\" srcset=\"https:\/\/toltepe.com\/wp-content\/uploads\/2024\/09\/IMG-20210820-WA0016-300x225.jpg 300w, https:\/\/toltepe.com\/wp-content\/uploads\/2024\/09\/IMG-20210820-WA0016-1024x768.jpg 1024w, https:\/\/toltepe.com\/wp-content\/uploads\/2024\/09\/IMG-20210820-WA0016-768x576.jpg 768w, https:\/\/toltepe.com\/wp-content\/uploads\/2024\/09\/IMG-20210820-WA0016-1536x1152.jpg 1536w, https:\/\/toltepe.com\/wp-content\/uploads\/2024\/09\/IMG-20210820-WA0016.jpg 2048w\" sizes=\"auto, (max-width: 300px) 100vw, 300px\" \/><img loading=\"lazy\" decoding=\"async\" class=\"alignnone size-medium wp-image-76\" src=\"https:\/\/toltepe.com\/wp-content\/uploads\/2024\/09\/20210716_164715-300x197.jpg\" alt=\"\" width=\"300\" height=\"197\" srcset=\"https:\/\/toltepe.com\/wp-content\/uploads\/2024\/09\/20210716_164715-300x197.jpg 300w, https:\/\/toltepe.com\/wp-content\/uploads\/2024\/09\/20210716_164715-1024x672.jpg 1024w, https:\/\/toltepe.com\/wp-content\/uploads\/2024\/09\/20210716_164715-768x504.jpg 768w, https:\/\/toltepe.com\/wp-content\/uploads\/2024\/09\/20210716_164715.jpg 1285w\" sizes=\"auto, (max-width: 300px) 100vw, 300px\" \/><img loading=\"lazy\" decoding=\"async\" class=\"alignnone size-medium wp-image-77\" src=\"https:\/\/toltepe.com\/wp-content\/uploads\/2024\/09\/IMG-20210716-WA0035-225x300.jpg\" alt=\"\" width=\"225\" height=\"300\" srcset=\"https:\/\/toltepe.com\/wp-content\/uploads\/2024\/09\/IMG-20210716-WA0035-225x300.jpg 225w, https:\/\/toltepe.com\/wp-content\/uploads\/2024\/09\/IMG-20210716-WA0035-768x1024.jpg 768w, https:\/\/toltepe.com\/wp-content\/uploads\/2024\/09\/IMG-20210716-WA0035-1152x1536.jpg 1152w, https:\/\/toltepe.com\/wp-content\/uploads\/2024\/09\/IMG-20210716-WA0035.jpg 1536w\" sizes=\"auto, (max-width: 225px) 100vw, 225px\" \/><img loading=\"lazy\" decoding=\"async\" class=\"alignnone size-medium wp-image-78\" src=\"https:\/\/toltepe.com\/wp-content\/uploads\/2024\/09\/IMG-20210608-WA0045-300x225.jpg\" alt=\"\" width=\"300\" height=\"225\" srcset=\"https:\/\/toltepe.com\/wp-content\/uploads\/2024\/09\/IMG-20210608-WA0045-300x225.jpg 300w, https:\/\/toltepe.com\/wp-content\/uploads\/2024\/09\/IMG-20210608-WA0045-1024x768.jpg 1024w, https:\/\/toltepe.com\/wp-content\/uploads\/2024\/09\/IMG-20210608-WA0045-768x576.jpg 768w, https:\/\/toltepe.com\/wp-content\/uploads\/2024\/09\/IMG-20210608-WA0045-1536x1152.jpg 1536w, https:\/\/toltepe.com\/wp-content\/uploads\/2024\/09\/IMG-20210608-WA0045.jpg 2048w\" sizes=\"auto, (max-width: 300px) 100vw, 300px\" \/><img loading=\"lazy\" decoding=\"async\" class=\"size-medium wp-image-34 aligncenter\" src=\"https:\/\/toltepe.com\/wp-content\/uploads\/2024\/09\/Default_A_phoenix_burning_with_fiery_flames_suspended_amid_swi_3-1-300x167.jpg\" alt=\"\" width=\"300\" height=\"167\" \/><\/p>\n<p style=\"text-align: center;\">\u00d6zel Yeni Hayat \u00d6zel E\u011fitim ve Rehabilitasyon Merkezi\u00a0 internete ve t\u00fcm sanal mecralarda.<\/p>\n<p style=\"text-align: center;\">.<\/p>\n","protected":false},"excerpt":{"rendered":"<p>\u00d6zel Yeni Hayat \u00d6zel E\u011fitim ve Rehabilitasyon Merkezi\u00a0 internete ve t\u00fcm sanal mecralarda. .<\/p>\n","protected":false},"author":1,"featured_media":0,"parent":0,"menu_order":0,"comment_status":"closed","ping_status":"closed","template":"","meta":{"footnotes":""},"class_list":["post-2","page","type-page","status-publish","hentry"],"_links":{"self":[{"href":"https:\/\/toltepe.com\/index.php?rest_route=\/wp\/v2\/pages\/2","targetHints":{"allow":["GET"]}}],"collection":[{"href":"https:\/\/toltepe.com\/index.php?rest_route=\/wp\/v2\/pages"}],"about":[{"href":"https:\/\/toltepe.com\/index.php?rest_route=\/wp\/v2\/types\/page"}],"author":[{"embeddable":true,"href":"https:\/\/toltepe.com\/index.php?rest_route=\/wp\/v2\/users\/1"}],"replies":[{"embeddable":true,"href":"https:\/\/toltepe.com\/index.php?rest_route=%2Fwp%2Fv2%2Fcomments&post=2"}],"version-history":[{"count":7,"href":"https:\/\/toltepe.com\/index.php?rest_route=\/wp\/v2\/pages\/2\/revisions"}],"predecessor-version":[{"id":85,"href":"https:\/\/toltepe.com\/index.php?rest_route=\/wp\/v2\/pages\/2\/revisions\/85"}],"wp:attachment":[{"href":"https:\/\/toltepe.com\/index.php?rest_route=%2Fwp%2Fv2%2Fmedia&parent=2"}],"curies":[{"name":"wp","href":"https:\/\/api.w.org\/{rel}","templated":true}]}}